{"id":150,"date":"2023-08-10T08:31:15","date_gmt":"2023-08-10T08:31:15","guid":{"rendered":"https:\/\/www.kulta-auran.fi\/?page_id=150"},"modified":"2025-04-20T17:26:28","modified_gmt":"2025-04-20T17:26:28","slug":"koirat","status":"publish","type":"page","link":"https:\/\/www.kulta-auran.fi\/?page_id=150","title":{"rendered":"Koirat"},"content":{"rendered":"\n<figure class=\"wp-block-image size-medium is-resized\"><img loading=\"lazy\" decoding=\"async\" width=\"225\" height=\"300\" src=\"https:\/\/www.kulta-auran.fi\/wp-content\/uploads\/2023\/04\/20210926_110455-1-scaled-e1682585886122-225x300.jpg\" alt=\"\" class=\"wp-image-56\" style=\"aspect-ratio:3\/4;object-fit:cover;width:431px\" srcset=\"https:\/\/www.kulta-auran.fi\/wp-content\/uploads\/2023\/04\/20210926_110455-1-scaled-e1682585886122-225x300.jpg 225w, https:\/\/www.kulta-auran.fi\/wp-content\/uploads\/2023\/04\/20210926_110455-1-scaled-e1682585886122-768x1024.jpg 768w, https:\/\/www.kulta-auran.fi\/wp-content\/uploads\/2023\/04\/20210926_110455-1-scaled-e1682585886122-1152x1536.jpg 1152w, https:\/\/www.kulta-auran.fi\/wp-content\/uploads\/2023\/04\/20210926_110455-1-scaled-e1682585886122-1536x2048.jpg 1536w, https:\/\/www.kulta-auran.fi\/wp-content\/uploads\/2023\/04\/20210926_110455-1-scaled-e1682585886122.jpg 1920w\" sizes=\"auto, (max-width: 225px) 100vw, 225px\" \/><\/figure>\n\n\n\n<div class=\"wp-block-group is-nowrap is-layout-flex wp-container-core-group-is-layout-6c531013 wp-block-group-is-layout-flex\">\n<div class=\"inherit-container-width wp-block-group is-layout-constrained wp-block-group-is-layout-constrained\">\n<p>Golden Absante Kasper eli <strong>Kassu<\/strong> <\/p>\n\n\n\n<p>Synt. 12.5.2020<\/p>\n\n\n\n<p>Lonkka: A\/A<\/p>\n\n\n\n<p>Kyyn\u00e4r: 0\/0<\/p>\n\n\n\n<p>MH-luonnekuvaus suoritettu<\/p>\n\n\n\n<p>Kassu <a href=\"https:\/\/jalostus.kennelliitto.fi\/frmKoira.aspx?RekNo=FI32849\/20&amp;R=111\">Jalostustietoj\u00e4rjestelm\u00e4ss\u00e4<\/a><\/p>\n<\/div>\n<\/div>\n\n\n\n<figure class=\"wp-block-image size-medium is-resized\"><img loading=\"lazy\" decoding=\"async\" width=\"225\" height=\"300\" src=\"https:\/\/www.kulta-auran.fi\/wp-content\/uploads\/2023\/04\/20230205_113706-scaled-e1682585812462-225x300.jpg\" alt=\"\" class=\"wp-image-81\" style=\"aspect-ratio:3\/4;object-fit:contain;width:428px\" srcset=\"https:\/\/www.kulta-auran.fi\/wp-content\/uploads\/2023\/04\/20230205_113706-scaled-e1682585812462-225x300.jpg 225w, https:\/\/www.kulta-auran.fi\/wp-content\/uploads\/2023\/04\/20230205_113706-scaled-e1682585812462-768x1024.jpg 768w, https:\/\/www.kulta-auran.fi\/wp-content\/uploads\/2023\/04\/20230205_113706-scaled-e1682585812462-1152x1536.jpg 1152w, https:\/\/www.kulta-auran.fi\/wp-content\/uploads\/2023\/04\/20230205_113706-scaled-e1682585812462-1536x2048.jpg 1536w, https:\/\/www.kulta-auran.fi\/wp-content\/uploads\/2023\/04\/20230205_113706-scaled-e1682585812462.jpg 1920w\" sizes=\"auto, (max-width: 225px) 100vw, 225px\" \/><\/figure>\n\n\n\n<div class=\"inherit-container-width wp-block-group is-layout-constrained wp-block-group-is-layout-constrained\">\n<p>Vanda Golden Angel from Schwalmtal eli <strong>Vanda<\/strong><\/p>\n\n\n\n<p>Synt. 5.2.2022<\/p>\n\n\n\n<p>Lonkka: A\/A<\/p>\n\n\n\n<p>Kyyn\u00e4r: 0\/0<\/p>\n\n\n\n<p>N\u00e4yttelyst\u00e4 EH<\/p>\n\n\n\n<p>Geenitestit: PRA1, PRA2 ja prcd-PRA terve, MD ja NCL5 terve, Iktyoosi kantaja<\/p>\n\n\n\n<p>Vanda <a href=\"https:\/\/jalostus.kennelliitto.fi\/frmKoira.aspx?RekNo=FI46662\/22&amp;R=111\">Jalostustietoj\u00e4rjestelm\u00e4ss\u00e4<\/a><\/p>\n<\/div>\n","protected":false},"excerpt":{"rendered":"<p>Golden Absante Kasper eli Kassu Synt. 12.5.2020 Lonkka: A\/A Kyyn\u00e4r: 0\/0 MH-luonnekuvaus suoritettu Kassu Jalostustietoj\u00e4rjestelm\u00e4ss\u00e4 Vanda Golden Angel from Schwalmtal eli Vanda Synt. 5.2.2022 Lonkka: A\/A Kyyn\u00e4r: 0\/0 N\u00e4yttelyst\u00e4 EH Geenitestit: PRA1, PRA2 ja prcd-PRA terve, MD ja NCL5 terve, Iktyoosi kantaja Vanda Jalostustietoj\u00e4rjestelm\u00e4ss\u00e4<\/p>\n","protected":false},"author":1,"featured_media":0,"parent":0,"menu_order":2,"comment_status":"closed","ping_status":"closed","template":"","meta":{"site-sidebar-layout":"default","site-content-layout":"default","ast-global-header-display":"","ast-main-header-display":"","ast-hfb-above-header-display":"","ast-hfb-below-header-display":"","ast-hfb-mobile-header-display":"","site-post-title":"","ast-breadcrumbs-content":"","ast-featured-img":"","footer-sml-layout":"","theme-transparent-header-meta":"","adv-header-id-meta":"","stick-header-meta":"","header-above-stick-meta":"","header-main-stick-meta":"","header-below-stick-meta":"","footnotes":""},"class_list":["post-150","page","type-page","status-publish","hentry"],"_links":{"self":[{"href":"https:\/\/www.kulta-auran.fi\/index.php?rest_route=\/wp\/v2\/pages\/150","targetHints":{"allow":["GET"]}}],"collection":[{"href":"https:\/\/www.kulta-auran.fi\/index.php?rest_route=\/wp\/v2\/pages"}],"about":[{"href":"https:\/\/www.kulta-auran.fi\/index.php?rest_route=\/wp\/v2\/types\/page"}],"author":[{"embeddable":true,"href":"https:\/\/www.kulta-auran.fi\/index.php?rest_route=\/wp\/v2\/users\/1"}],"replies":[{"embeddable":true,"href":"https:\/\/www.kulta-auran.fi\/index.php?rest_route=%2Fwp%2Fv2%2Fcomments&post=150"}],"version-history":[{"count":6,"href":"https:\/\/www.kulta-auran.fi\/index.php?rest_route=\/wp\/v2\/pages\/150\/revisions"}],"predecessor-version":[{"id":183,"href":"https:\/\/www.kulta-auran.fi\/index.php?rest_route=\/wp\/v2\/pages\/150\/revisions\/183"}],"wp:attachment":[{"href":"https:\/\/www.kulta-auran.fi\/index.php?rest_route=%2Fwp%2Fv2%2Fmedia&parent=150"}],"curies":[{"name":"wp","href":"https:\/\/api.w.org\/{rel}","templated":true}]}}