{"id":16,"date":"2023-04-27T09:46:57","date_gmt":"2023-04-27T09:46:57","guid":{"rendered":"http:\/\/www.kulta-auran.fi\/?page_id=16"},"modified":"2025-04-20T16:42:25","modified_gmt":"2025-04-20T16:42:25","slug":"yhteystiedot","status":"publish","type":"page","link":"https:\/\/www.kulta-auran.fi\/?page_id=16","title":{"rendered":"Yhteystiedot"},"content":{"rendered":"\n<p class=\"has-text-align-center\">Ota yhteytt\u00e4 s\u00e4hk\u00f6postitse:<\/p>\n\n\n\n<p class=\"has-text-align-center\">heidi.korhonen@kulta-auran.fi   <\/p>\n\n\n\n<figure class=\"wp-block-image aligncenter size-large is-resized\"><img loading=\"lazy\" decoding=\"async\" width=\"1024\" height=\"915\" src=\"https:\/\/www.kulta-auran.fi\/wp-content\/uploads\/2025\/04\/kultaauranlogo1croppedPNG-3-1024x915.png\" alt=\"\" class=\"wp-image-170\" style=\"aspect-ratio:0.8509615384615384;object-fit:contain;width:380px\" srcset=\"https:\/\/www.kulta-auran.fi\/wp-content\/uploads\/2025\/04\/kultaauranlogo1croppedPNG-3-1024x915.png 1024w, https:\/\/www.kulta-auran.fi\/wp-content\/uploads\/2025\/04\/kultaauranlogo1croppedPNG-3-300x268.png 300w, https:\/\/www.kulta-auran.fi\/wp-content\/uploads\/2025\/04\/kultaauranlogo1croppedPNG-3-768x686.png 768w, https:\/\/www.kulta-auran.fi\/wp-content\/uploads\/2025\/04\/kultaauranlogo1croppedPNG-3-1536x1372.png 1536w, https:\/\/www.kulta-auran.fi\/wp-content\/uploads\/2025\/04\/kultaauranlogo1croppedPNG-3-2048x1830.png 2048w\" sizes=\"auto, (max-width: 1024px) 100vw, 1024px\" \/><\/figure>\n","protected":false},"excerpt":{"rendered":"<p>Ota yhteytt\u00e4 s\u00e4hk\u00f6postitse: heidi.korhonen@kulta-auran.fi<\/p>\n","protected":false},"author":1,"featured_media":0,"parent":0,"menu_order":5,"comment_status":"closed","ping_status":"closed","template":"","meta":{"site-sidebar-layout":"default","site-content-layout":"default","ast-global-header-display":"","ast-main-header-display":"","ast-hfb-above-header-display":"","ast-hfb-below-header-display":"","ast-hfb-mobile-header-display":"","site-post-title":"","ast-breadcrumbs-content":"","ast-featured-img":"","footer-sml-layout":"","theme-transparent-header-meta":"","adv-header-id-meta":"","stick-header-meta":"","header-above-stick-meta":"","header-main-stick-meta":"","header-below-stick-meta":"","footnotes":""},"class_list":["post-16","page","type-page","status-publish","hentry"],"_links":{"self":[{"href":"https:\/\/www.kulta-auran.fi\/index.php?rest_route=\/wp\/v2\/pages\/16","targetHints":{"allow":["GET"]}}],"collection":[{"href":"https:\/\/www.kulta-auran.fi\/index.php?rest_route=\/wp\/v2\/pages"}],"about":[{"href":"https:\/\/www.kulta-auran.fi\/index.php?rest_route=\/wp\/v2\/types\/page"}],"author":[{"embeddable":true,"href":"https:\/\/www.kulta-auran.fi\/index.php?rest_route=\/wp\/v2\/users\/1"}],"replies":[{"embeddable":true,"href":"https:\/\/www.kulta-auran.fi\/index.php?rest_route=%2Fwp%2Fv2%2Fcomments&post=16"}],"version-history":[{"count":7,"href":"https:\/\/www.kulta-auran.fi\/index.php?rest_route=\/wp\/v2\/pages\/16\/revisions"}],"predecessor-version":[{"id":173,"href":"https:\/\/www.kulta-auran.fi\/index.php?rest_route=\/wp\/v2\/pages\/16\/revisions\/173"}],"wp:attachment":[{"href":"https:\/\/www.kulta-auran.fi\/index.php?rest_route=%2Fwp%2Fv2%2Fmedia&parent=16"}],"curies":[{"name":"wp","href":"https:\/\/api.w.org\/{rel}","templated":true}]}}