{"id":19,"date":"2023-04-27T09:45:46","date_gmt":"2023-04-27T09:45:46","guid":{"rendered":"http:\/\/www.kulta-auran.fi\/?page_id=19"},"modified":"2026-01-11T12:10:57","modified_gmt":"2026-01-11T12:10:57","slug":"ajankohtaista","status":"publish","type":"page","link":"https:\/\/www.kulta-auran.fi\/?page_id=19","title":{"rendered":"Ajankohtaista"},"content":{"rendered":"\n<p class=\"has-text-align-center\">T\u00e4ll\u00e4 hetkell\u00e4 meill\u00e4 ei ole pentuja. <\/p>\n\n\n\n<p class=\"has-text-align-center\">Seuraavista suunnitelmista voi kysell\u00e4 s\u00e4hk\u00f6postitse. <\/p>\n\n\n\n<p class=\"has-text-align-center\">heidi.korhonen@kulta-auran.fi<\/p>\n\n\n\n<figure class=\"wp-block-image aligncenter size-medium\"><img loading=\"lazy\" decoding=\"async\" width=\"225\" height=\"300\" src=\"https:\/\/www.kulta-auran.fi\/wp-content\/uploads\/2025\/08\/1000021008-225x300.jpg\" alt=\"\" class=\"wp-image-208\" srcset=\"https:\/\/www.kulta-auran.fi\/wp-content\/uploads\/2025\/08\/1000021008-225x300.jpg 225w, https:\/\/www.kulta-auran.fi\/wp-content\/uploads\/2025\/08\/1000021008-768x1024.jpg 768w, https:\/\/www.kulta-auran.fi\/wp-content\/uploads\/2025\/08\/1000021008-1152x1536.jpg 1152w, https:\/\/www.kulta-auran.fi\/wp-content\/uploads\/2025\/08\/1000021008-1536x2048.jpg 1536w, https:\/\/www.kulta-auran.fi\/wp-content\/uploads\/2025\/08\/1000021008-scaled.jpg 1920w\" sizes=\"auto, (max-width: 225px) 100vw, 225px\" \/><\/figure>\n\n\n\n<p class=\"has-text-align-center\"><\/p>\n","protected":false},"excerpt":{"rendered":"<p>T\u00e4ll\u00e4 hetkell\u00e4 meill\u00e4 ei ole pentuja. Seuraavista suunnitelmista voi kysell\u00e4 s\u00e4hk\u00f6postitse. heidi.korhonen@kulta-auran.fi<\/p>\n","protected":false},"author":1,"featured_media":0,"parent":0,"menu_order":3,"comment_status":"closed","ping_status":"closed","template":"","meta":{"site-sidebar-layout":"default","site-content-layout":"default","ast-global-header-display":"","ast-main-header-display":"","ast-hfb-above-header-display":"","ast-hfb-below-header-display":"","ast-hfb-mobile-header-display":"","site-post-title":"","ast-breadcrumbs-content":"","ast-featured-img":"","footer-sml-layout":"","theme-transparent-header-meta":"","adv-header-id-meta":"","stick-header-meta":"","header-above-stick-meta":"","header-main-stick-meta":"","header-below-stick-meta":"","footnotes":""},"class_list":["post-19","page","type-page","status-publish","hentry"],"_links":{"self":[{"href":"https:\/\/www.kulta-auran.fi\/index.php?rest_route=\/wp\/v2\/pages\/19","targetHints":{"allow":["GET"]}}],"collection":[{"href":"https:\/\/www.kulta-auran.fi\/index.php?rest_route=\/wp\/v2\/pages"}],"about":[{"href":"https:\/\/www.kulta-auran.fi\/index.php?rest_route=\/wp\/v2\/types\/page"}],"author":[{"embeddable":true,"href":"https:\/\/www.kulta-auran.fi\/index.php?rest_route=\/wp\/v2\/users\/1"}],"replies":[{"embeddable":true,"href":"https:\/\/www.kulta-auran.fi\/index.php?rest_route=%2Fwp%2Fv2%2Fcomments&post=19"}],"version-history":[{"count":25,"href":"https:\/\/www.kulta-auran.fi\/index.php?rest_route=\/wp\/v2\/pages\/19\/revisions"}],"predecessor-version":[{"id":223,"href":"https:\/\/www.kulta-auran.fi\/index.php?rest_route=\/wp\/v2\/pages\/19\/revisions\/223"}],"wp:attachment":[{"href":"https:\/\/www.kulta-auran.fi\/index.php?rest_route=%2Fwp%2Fv2%2Fmedia&parent=19"}],"curies":[{"name":"wp","href":"https:\/\/api.w.org\/{rel}","templated":true}]}}